{"id":2676,"date":"2016-03-10T18:52:12","date_gmt":"2016-03-10T18:52:12","guid":{"rendered":"https:\/\/swconsultancy.marketingyouhost.com\/?page_id=2676"},"modified":"2023-06-28T06:07:49","modified_gmt":"2023-06-28T06:07:49","slug":"datenschutzerklaerung","status":"publish","type":"page","link":"https:\/\/swconsultancy.eu\/de\/datenschutzerklaerung\/","title":{"rendered":"Datenschutzerkl\u00e4rung"},"content":{"rendered":"\n<p>Datenschutzerkl\u00e4rung<\/p>\n\n\n\n<p>Wir nehmen den Schutz Ihrer pers\u00f6nlichen Daten sehr ernst und behandeln Ihre personenbezogenen Daten vertraulich und entsprechend der gesetzlichen Datenschutzvorschriften, insbesondere der Datenschutzverordnung (DSGVO).&nbsp;<br><br>SW Consultancy e.U. | Frau Daphne E.R. Smits | Peter-Melcher-Stra\u00dfe 14-Top 2 | 9524 Villach | Telefonnummer +43 6763400894 |&nbsp;<a href=\"mailto:daphne@swconsultancy.eu\">daphne@swconsultancy.eu<\/a>&nbsp;|&nbsp;<a href=\"https:\/\/swconsultancy.eu\/\">www.swconsultancy.eu<\/a><br><br>Kontaktdaten des Datenschutzbeauftragten stehen Ihnen f\u00fcr Fragen zum Datenschutz zur Verf\u00fcgung.<br><\/p>\n\n\n\n<p>Zwecke der Datenverarbeitung&nbsp;<br>Die Verarbeitung personenbezogener Daten erfolgt zur Erf\u00fcllung des mit Ihnen geschlossenen Vertrages bzw. zur Durchf\u00fchrung vorvertr\u00e4glicher Ma\u00dfnahmen. Eine Weitergabe Ihrer Daten an Dritte erfolgt nur, wenn dies zur Erf\u00fcllung des Vertrages notwendig ist.&nbsp;<br><br>Rechtsgrundlage der Datenverarbeitung&nbsp;<br>Die Verarbeitung Ihrer Daten erfolgt aufgrund der folgenden Rechtsgrundlagen:<br>* Einwilligung (Art. 6 Abs. 1. lit. a DSGVO)<br>* Vertragserf\u00fcllung (Art. 6 Abs. 1. lit. b. DSGVO)<br>* Erf\u00fcllung einer rechtlichen Verpflichtung (Art. 6 Abs. 1. lit. c. DSGVO)<br>* Wahrung berechtigter Interessen (Art. 6 Abs. 1. lit f. DSGVO)<br><br>Speicherdauer der Daten&nbsp;<br>Ihre Daten werden nur so lange gespeichert, wie dies f\u00fcr die Erf\u00fcllung des Vertrages oder zur Durchf\u00fchrung vorvertraglicher Ma\u00dfnahmen erforderlich ist. Nach Erf\u00fcllung des Vertrages werden Ihre Daten gel\u00f6scht, sofern keine gesetzlichen Aufbewahrungspflichten oder berechtigten Interessen entgegenstehen.&nbsp;<br><br>Betroffenenrechte<br>Sie haben das Recht, jederzeit Auskunft \u00fcber ihre bei uns gespeicherten personenbezogenen Daten zu erhalten sowie deren Berichtigung, L\u00f6schung oder Einschr\u00e4nkung der Verarbeitung zu verlangen. Weiterhin haben Sie das Recht auf Daten\u00fcbertragbarkeit sowie das Recht, jederzeit Widerspruch gegen die Verarbeitung Ihrer Daten einzulegen. Bitte wenden Sie sich dazu an unseren Datenschutzbeauftragten.&nbsp;<\/p>\n\n\n\n<p><br><br>Beschwerderecht<br>Sie haben das Recht, sich bei einer Datenschutz-Aufsichtsbeh\u00f6rde \u00fcber die Verarbeitung Ihrer personenbezogenen Daten durch uns zu beschweren.&nbsp;<br><br>Datensicherheit&nbsp;<br>Wir setzen technische und organisatorische Sicherheitsma\u00dfnahmen ein, um Ihre Daten gegen zuf\u00e4llige oder vors\u00e4tzliche Manipulationen, Verlust oder Zerst\u00f6rung sowie gegen den Zugriff unberechtigter Personen zu sch\u00fctzen.&nbsp;<br><br>\u00c4nderung dieser Datenschutzerkl\u00e4rung&nbsp;<br>Wir behalten uns das Recht vor, diese Datenschutzerkl\u00e4rung jederzeit und ohne Angabe von Gr\u00fcnden zu \u00e4ndern. Bitte informieren Sie sich regelm\u00e4\u00dfig \u00fcber den aktuellen Stand.&nbsp;<br><br>Stand: 01.03.2023&nbsp;<\/p>\n","protected":false},"excerpt":{"rendered":"<p>Datenschutzerkl\u00e4rung Wir nehmen den Schutz Ihrer pers\u00f6nlichen Daten sehr ernst und behandeln Ihre personenbezogenen Daten vertraulich und entsprechend der gesetzlichen Datenschutzvorschriften, insbesondere der Datenschutzverordnung (DSGVO).&nbsp; SW Consultancy e.U. | Frau Daphne E.R. Smits | Peter-Melcher-Stra\u00dfe 14-Top 2 | 9524 Villach | Telefonnummer +43 6763400894 |&nbsp;daphne@swconsultancy.eu&nbsp;|&nbsp;www.swconsultancy.eu Kontaktdaten des Datenschutzbeauftragten stehen Ihnen f\u00fcr Fragen zum Datenschutz zur [&hellip;]<\/p>\n","protected":false},"author":1,"featured_media":0,"parent":0,"menu_order":0,"comment_status":"closed","ping_status":"closed","template":"","meta":{"footnotes":""},"class_list":["post-2676","page","type-page","status-publish","hentry"],"yoast_head":"<!-- This site is optimized with the Yoast SEO plugin v27.5 - https:\/\/yoast.com\/product\/yoast-seo-wordpress\/ -->\n<title>Datenschutzerkl\u00e4rung - SW Consultancy<\/title>\n<meta name=\"robots\" content=\"index, follow, max-snippet:-1, max-image-preview:large, max-video-preview:-1\" \/>\n<link rel=\"canonical\" href=\"https:\/\/swconsultancy.eu\/privacy\/\" \/>\n<meta property=\"og:locale\" content=\"de_DE\" \/>\n<meta property=\"og:type\" content=\"article\" \/>\n<meta property=\"og:title\" content=\"Datenschutzerkl\u00e4rung - SW Consultancy\" \/>\n<meta property=\"og:description\" content=\"Datenschutzerkl\u00e4rung Wir nehmen den Schutz Ihrer pers\u00f6nlichen Daten sehr ernst und behandeln Ihre personenbezogenen Daten vertraulich und entsprechend der gesetzlichen Datenschutzvorschriften, insbesondere der Datenschutzverordnung (DSGVO).&nbsp; SW Consultancy e.U. | Frau Daphne E.R. Smits | Peter-Melcher-Stra\u00dfe 14-Top 2 | 9524 Villach | Telefonnummer +43 6763400894 |&nbsp;daphne@swconsultancy.eu&nbsp;|&nbsp;www.swconsultancy.eu Kontaktdaten des Datenschutzbeauftragten stehen Ihnen f\u00fcr Fragen zum Datenschutz zur [&hellip;]\" \/>\n<meta property=\"og:url\" content=\"https:\/\/swconsultancy.eu\/privacy\/\" \/>\n<meta property=\"og:site_name\" content=\"SW Consultancy\" \/>\n<meta property=\"article:modified_time\" content=\"2023-06-28T06:07:49+00:00\" \/>\n<meta name=\"twitter:card\" content=\"summary_large_image\" \/>\n<meta name=\"twitter:label1\" content=\"Gesch\u00e4tzte Lesezeit\" \/>\n\t<meta name=\"twitter:data1\" content=\"2\u00a0Minuten\" \/>\n<script type=\"application\/ld+json\" class=\"yoast-schema-graph\">{\"@context\":\"https:\\\/\\\/schema.org\",\"@graph\":[{\"@type\":\"WebPage\",\"@id\":\"https:\\\/\\\/swconsultancy.eu\\\/privacy\\\/\",\"url\":\"https:\\\/\\\/swconsultancy.eu\\\/privacy\\\/\",\"name\":\"Datenschutzerkl\u00e4rung - SW Consultancy\",\"isPartOf\":{\"@id\":\"https:\\\/\\\/swconsultancy.eu\\\/#website\"},\"datePublished\":\"2016-03-10T18:52:12+00:00\",\"dateModified\":\"2023-06-28T06:07:49+00:00\",\"breadcrumb\":{\"@id\":\"https:\\\/\\\/swconsultancy.eu\\\/privacy\\\/#breadcrumb\"},\"inLanguage\":\"de\",\"potentialAction\":[{\"@type\":\"ReadAction\",\"target\":[\"https:\\\/\\\/swconsultancy.eu\\\/privacy\\\/\"]}]},{\"@type\":\"BreadcrumbList\",\"@id\":\"https:\\\/\\\/swconsultancy.eu\\\/privacy\\\/#breadcrumb\",\"itemListElement\":[{\"@type\":\"ListItem\",\"position\":1,\"name\":\"Home\",\"item\":\"https:\\\/\\\/swconsultancy.eu\\\/de\\\/\"},{\"@type\":\"ListItem\",\"position\":2,\"name\":\"Datenschutzerkl\u00e4rung\"}]},{\"@type\":\"WebSite\",\"@id\":\"https:\\\/\\\/swconsultancy.eu\\\/#website\",\"url\":\"https:\\\/\\\/swconsultancy.eu\\\/\",\"name\":\"SW Consultancy\",\"description\":\"\",\"publisher\":{\"@id\":\"https:\\\/\\\/swconsultancy.eu\\\/#organization\"},\"potentialAction\":[{\"@type\":\"SearchAction\",\"target\":{\"@type\":\"EntryPoint\",\"urlTemplate\":\"https:\\\/\\\/swconsultancy.eu\\\/?s={search_term_string}\"},\"query-input\":{\"@type\":\"PropertyValueSpecification\",\"valueRequired\":true,\"valueName\":\"search_term_string\"}}],\"inLanguage\":\"de\"},{\"@type\":\"Organization\",\"@id\":\"https:\\\/\\\/swconsultancy.eu\\\/#organization\",\"name\":\"SW Consultancy\",\"url\":\"https:\\\/\\\/swconsultancy.eu\\\/\",\"logo\":{\"@type\":\"ImageObject\",\"inLanguage\":\"de\",\"@id\":\"https:\\\/\\\/swconsultancy.eu\\\/#\\\/schema\\\/logo\\\/image\\\/\",\"url\":\"https:\\\/\\\/swconsultancy.eu\\\/wp-content\\\/uploads\\\/2022\\\/11\\\/swlogohome.png\",\"contentUrl\":\"https:\\\/\\\/swconsultancy.eu\\\/wp-content\\\/uploads\\\/2022\\\/11\\\/swlogohome.png\",\"width\":383,\"height\":375,\"caption\":\"SW Consultancy\"},\"image\":{\"@id\":\"https:\\\/\\\/swconsultancy.eu\\\/#\\\/schema\\\/logo\\\/image\\\/\"}}]}<\/script>\n<!-- \/ Yoast SEO plugin. -->","yoast_head_json":{"title":"Datenschutzerkl\u00e4rung - SW Consultancy","robots":{"index":"index","follow":"follow","max-snippet":"max-snippet:-1","max-image-preview":"max-image-preview:large","max-video-preview":"max-video-preview:-1"},"canonical":"https:\/\/swconsultancy.eu\/privacy\/","og_locale":"de_DE","og_type":"article","og_title":"Datenschutzerkl\u00e4rung - SW Consultancy","og_description":"Datenschutzerkl\u00e4rung Wir nehmen den Schutz Ihrer pers\u00f6nlichen Daten sehr ernst und behandeln Ihre personenbezogenen Daten vertraulich und entsprechend der gesetzlichen Datenschutzvorschriften, insbesondere der Datenschutzverordnung (DSGVO).&nbsp; SW Consultancy e.U. | Frau Daphne E.R. Smits | Peter-Melcher-Stra\u00dfe 14-Top 2 | 9524 Villach | Telefonnummer +43 6763400894 |&nbsp;daphne@swconsultancy.eu&nbsp;|&nbsp;www.swconsultancy.eu Kontaktdaten des Datenschutzbeauftragten stehen Ihnen f\u00fcr Fragen zum Datenschutz zur [&hellip;]","og_url":"https:\/\/swconsultancy.eu\/privacy\/","og_site_name":"SW Consultancy","article_modified_time":"2023-06-28T06:07:49+00:00","twitter_card":"summary_large_image","twitter_misc":{"Gesch\u00e4tzte Lesezeit":"2\u00a0Minuten"},"schema":{"@context":"https:\/\/schema.org","@graph":[{"@type":"WebPage","@id":"https:\/\/swconsultancy.eu\/privacy\/","url":"https:\/\/swconsultancy.eu\/privacy\/","name":"Datenschutzerkl\u00e4rung - SW Consultancy","isPartOf":{"@id":"https:\/\/swconsultancy.eu\/#website"},"datePublished":"2016-03-10T18:52:12+00:00","dateModified":"2023-06-28T06:07:49+00:00","breadcrumb":{"@id":"https:\/\/swconsultancy.eu\/privacy\/#breadcrumb"},"inLanguage":"de","potentialAction":[{"@type":"ReadAction","target":["https:\/\/swconsultancy.eu\/privacy\/"]}]},{"@type":"BreadcrumbList","@id":"https:\/\/swconsultancy.eu\/privacy\/#breadcrumb","itemListElement":[{"@type":"ListItem","position":1,"name":"Home","item":"https:\/\/swconsultancy.eu\/de\/"},{"@type":"ListItem","position":2,"name":"Datenschutzerkl\u00e4rung"}]},{"@type":"WebSite","@id":"https:\/\/swconsultancy.eu\/#website","url":"https:\/\/swconsultancy.eu\/","name":"SW Consultancy","description":"","publisher":{"@id":"https:\/\/swconsultancy.eu\/#organization"},"potentialAction":[{"@type":"SearchAction","target":{"@type":"EntryPoint","urlTemplate":"https:\/\/swconsultancy.eu\/?s={search_term_string}"},"query-input":{"@type":"PropertyValueSpecification","valueRequired":true,"valueName":"search_term_string"}}],"inLanguage":"de"},{"@type":"Organization","@id":"https:\/\/swconsultancy.eu\/#organization","name":"SW Consultancy","url":"https:\/\/swconsultancy.eu\/","logo":{"@type":"ImageObject","inLanguage":"de","@id":"https:\/\/swconsultancy.eu\/#\/schema\/logo\/image\/","url":"https:\/\/swconsultancy.eu\/wp-content\/uploads\/2022\/11\/swlogohome.png","contentUrl":"https:\/\/swconsultancy.eu\/wp-content\/uploads\/2022\/11\/swlogohome.png","width":383,"height":375,"caption":"SW Consultancy"},"image":{"@id":"https:\/\/swconsultancy.eu\/#\/schema\/logo\/image\/"}}]}},"_links":{"self":[{"href":"https:\/\/swconsultancy.eu\/de\/wp-json\/wp\/v2\/pages\/2676","targetHints":{"allow":["GET"]}}],"collection":[{"href":"https:\/\/swconsultancy.eu\/de\/wp-json\/wp\/v2\/pages"}],"about":[{"href":"https:\/\/swconsultancy.eu\/de\/wp-json\/wp\/v2\/types\/page"}],"author":[{"embeddable":true,"href":"https:\/\/swconsultancy.eu\/de\/wp-json\/wp\/v2\/users\/1"}],"replies":[{"embeddable":true,"href":"https:\/\/swconsultancy.eu\/de\/wp-json\/wp\/v2\/comments?post=2676"}],"version-history":[{"count":1,"href":"https:\/\/swconsultancy.eu\/de\/wp-json\/wp\/v2\/pages\/2676\/revisions"}],"predecessor-version":[{"id":2677,"href":"https:\/\/swconsultancy.eu\/de\/wp-json\/wp\/v2\/pages\/2676\/revisions\/2677"}],"wp:attachment":[{"href":"https:\/\/swconsultancy.eu\/de\/wp-json\/wp\/v2\/media?parent=2676"}],"curies":[{"name":"wp","href":"https:\/\/api.w.org\/{rel}","templated":true}]}}