{"id":2685,"date":"2023-06-28T05:51:16","date_gmt":"2023-06-28T05:51:16","guid":{"rendered":"https:\/\/swconsultancy.marketingyouhost.com\/?page_id=2685"},"modified":"2023-06-28T06:11:32","modified_gmt":"2023-06-28T06:11:32","slug":"impressum","status":"publish","type":"page","link":"https:\/\/swconsultancy.eu\/de\/impressum\/","title":{"rendered":"Impressum"},"content":{"rendered":"\n<p><strong>SW Consultancy e.U.<\/strong><br>Peter-Melcher-Stra\u00dfe 14-Top 2<br>9524 Villach | \u00d6sterreich<\/p>\n\n\n\n<p>Telefonnummer: 0043 676 3400894<br>E-Mail Adresse: <a href=\"mailto:daphne@swconsultancy.eu\">daphne@swconsultancy.eu<\/a><\/p>\n\n\n\n<p><strong>Firmendaten<\/strong><\/p>\n\n\n\n<p>Firmenbuchnummer FN 589943p<br>GISA-Zahl: 3533206<br>Gesch\u00e4ftsf\u00fchrerin: Frau Daphne E.R. Smits<\/p>\n\n\n\n<p>Zust\u00e4ndige Aufsichtsbeh\u00f6rde: Landesgericht Klagenfurt<\/p>\n\n\n\n<p><strong>Verbraucherinformationen<\/strong><br>Online-Streitbeilegung gem\u00e4\u00df Art. 14 Abs. 1 ODR-VO:<br>Die Europ\u00e4ische Kommission stellt eine Plattform zur Online-Streitbeilegung<br>(OS) bereit, die Sie hier finden: ec.europa.eu\/consumers\/odr<\/p>\n\n\n\n<p><\/p>\n","protected":false},"excerpt":{"rendered":"<p>SW Consultancy e.U.Peter-Melcher-Stra\u00dfe 14-Top 29524 Villach | \u00d6sterreich Telefonnummer: 0043 676 3400894E-Mail Adresse: daphne@swconsultancy.eu Firmendaten Firmenbuchnummer FN 589943pGISA-Zahl: 3533206Gesch\u00e4ftsf\u00fchrerin: Frau Daphne E.R. Smits Zust\u00e4ndige Aufsichtsbeh\u00f6rde: Landesgericht Klagenfurt VerbraucherinformationenOnline-Streitbeilegung gem\u00e4\u00df Art. 14 Abs. 1 ODR-VO:Die Europ\u00e4ische Kommission stellt eine Plattform zur Online-Streitbeilegung(OS) bereit, die Sie hier finden: ec.europa.eu\/consumers\/odr<\/p>\n","protected":false},"author":1,"featured_media":0,"parent":0,"menu_order":0,"comment_status":"closed","ping_status":"closed","template":"","meta":{"footnotes":""},"class_list":["post-2685","page","type-page","status-publish","hentry"],"yoast_head":"<!-- This site is optimized with the Yoast SEO plugin v27.5 - https:\/\/yoast.com\/product\/yoast-seo-wordpress\/ -->\n<title>Impressum - SW Consultancy<\/title>\n<meta name=\"robots\" content=\"index, follow, max-snippet:-1, max-image-preview:large, max-video-preview:-1\" \/>\n<link rel=\"canonical\" href=\"https:\/\/swconsultancy.eu\/impressum\/\" \/>\n<meta property=\"og:locale\" content=\"de_DE\" \/>\n<meta property=\"og:type\" content=\"article\" \/>\n<meta property=\"og:title\" content=\"Impressum - SW Consultancy\" \/>\n<meta property=\"og:description\" content=\"SW Consultancy e.U.Peter-Melcher-Stra\u00dfe 14-Top 29524 Villach | \u00d6sterreich Telefonnummer: 0043 676 3400894E-Mail Adresse: daphne@swconsultancy.eu Firmendaten Firmenbuchnummer FN 589943pGISA-Zahl: 3533206Gesch\u00e4ftsf\u00fchrerin: Frau Daphne E.R. Smits Zust\u00e4ndige Aufsichtsbeh\u00f6rde: Landesgericht Klagenfurt VerbraucherinformationenOnline-Streitbeilegung gem\u00e4\u00df Art. 14 Abs. 1 ODR-VO:Die Europ\u00e4ische Kommission stellt eine Plattform zur Online-Streitbeilegung(OS) bereit, die Sie hier finden: ec.europa.eu\/consumers\/odr\" \/>\n<meta property=\"og:url\" content=\"https:\/\/swconsultancy.eu\/impressum\/\" \/>\n<meta property=\"og:site_name\" content=\"SW Consultancy\" \/>\n<meta property=\"article:modified_time\" content=\"2023-06-28T06:11:32+00:00\" \/>\n<meta name=\"twitter:card\" content=\"summary_large_image\" \/>\n<script type=\"application\/ld+json\" class=\"yoast-schema-graph\">{\"@context\":\"https:\\\/\\\/schema.org\",\"@graph\":[{\"@type\":\"WebPage\",\"@id\":\"https:\\\/\\\/swconsultancy.eu\\\/impressum\\\/\",\"url\":\"https:\\\/\\\/swconsultancy.eu\\\/impressum\\\/\",\"name\":\"Impressum - SW Consultancy\",\"isPartOf\":{\"@id\":\"https:\\\/\\\/swconsultancy.eu\\\/#website\"},\"datePublished\":\"2023-06-28T05:51:16+00:00\",\"dateModified\":\"2023-06-28T06:11:32+00:00\",\"breadcrumb\":{\"@id\":\"https:\\\/\\\/swconsultancy.eu\\\/impressum\\\/#breadcrumb\"},\"inLanguage\":\"de\",\"potentialAction\":[{\"@type\":\"ReadAction\",\"target\":[\"https:\\\/\\\/swconsultancy.eu\\\/impressum\\\/\"]}]},{\"@type\":\"BreadcrumbList\",\"@id\":\"https:\\\/\\\/swconsultancy.eu\\\/impressum\\\/#breadcrumb\",\"itemListElement\":[{\"@type\":\"ListItem\",\"position\":1,\"name\":\"Home\",\"item\":\"https:\\\/\\\/swconsultancy.eu\\\/de\\\/\"},{\"@type\":\"ListItem\",\"position\":2,\"name\":\"Impressum\"}]},{\"@type\":\"WebSite\",\"@id\":\"https:\\\/\\\/swconsultancy.eu\\\/#website\",\"url\":\"https:\\\/\\\/swconsultancy.eu\\\/\",\"name\":\"SW Consultancy\",\"description\":\"\",\"publisher\":{\"@id\":\"https:\\\/\\\/swconsultancy.eu\\\/#organization\"},\"potentialAction\":[{\"@type\":\"SearchAction\",\"target\":{\"@type\":\"EntryPoint\",\"urlTemplate\":\"https:\\\/\\\/swconsultancy.eu\\\/?s={search_term_string}\"},\"query-input\":{\"@type\":\"PropertyValueSpecification\",\"valueRequired\":true,\"valueName\":\"search_term_string\"}}],\"inLanguage\":\"de\"},{\"@type\":\"Organization\",\"@id\":\"https:\\\/\\\/swconsultancy.eu\\\/#organization\",\"name\":\"SW Consultancy\",\"url\":\"https:\\\/\\\/swconsultancy.eu\\\/\",\"logo\":{\"@type\":\"ImageObject\",\"inLanguage\":\"de\",\"@id\":\"https:\\\/\\\/swconsultancy.eu\\\/#\\\/schema\\\/logo\\\/image\\\/\",\"url\":\"https:\\\/\\\/swconsultancy.eu\\\/wp-content\\\/uploads\\\/2022\\\/11\\\/swlogohome.png\",\"contentUrl\":\"https:\\\/\\\/swconsultancy.eu\\\/wp-content\\\/uploads\\\/2022\\\/11\\\/swlogohome.png\",\"width\":383,\"height\":375,\"caption\":\"SW Consultancy\"},\"image\":{\"@id\":\"https:\\\/\\\/swconsultancy.eu\\\/#\\\/schema\\\/logo\\\/image\\\/\"}}]}<\/script>\n<!-- \/ Yoast SEO plugin. -->","yoast_head_json":{"title":"Impressum - SW Consultancy","robots":{"index":"index","follow":"follow","max-snippet":"max-snippet:-1","max-image-preview":"max-image-preview:large","max-video-preview":"max-video-preview:-1"},"canonical":"https:\/\/swconsultancy.eu\/impressum\/","og_locale":"de_DE","og_type":"article","og_title":"Impressum - SW Consultancy","og_description":"SW Consultancy e.U.Peter-Melcher-Stra\u00dfe 14-Top 29524 Villach | \u00d6sterreich Telefonnummer: 0043 676 3400894E-Mail Adresse: daphne@swconsultancy.eu Firmendaten Firmenbuchnummer FN 589943pGISA-Zahl: 3533206Gesch\u00e4ftsf\u00fchrerin: Frau Daphne E.R. Smits Zust\u00e4ndige Aufsichtsbeh\u00f6rde: Landesgericht Klagenfurt VerbraucherinformationenOnline-Streitbeilegung gem\u00e4\u00df Art. 14 Abs. 1 ODR-VO:Die Europ\u00e4ische Kommission stellt eine Plattform zur Online-Streitbeilegung(OS) bereit, die Sie hier finden: ec.europa.eu\/consumers\/odr","og_url":"https:\/\/swconsultancy.eu\/impressum\/","og_site_name":"SW Consultancy","article_modified_time":"2023-06-28T06:11:32+00:00","twitter_card":"summary_large_image","schema":{"@context":"https:\/\/schema.org","@graph":[{"@type":"WebPage","@id":"https:\/\/swconsultancy.eu\/impressum\/","url":"https:\/\/swconsultancy.eu\/impressum\/","name":"Impressum - SW Consultancy","isPartOf":{"@id":"https:\/\/swconsultancy.eu\/#website"},"datePublished":"2023-06-28T05:51:16+00:00","dateModified":"2023-06-28T06:11:32+00:00","breadcrumb":{"@id":"https:\/\/swconsultancy.eu\/impressum\/#breadcrumb"},"inLanguage":"de","potentialAction":[{"@type":"ReadAction","target":["https:\/\/swconsultancy.eu\/impressum\/"]}]},{"@type":"BreadcrumbList","@id":"https:\/\/swconsultancy.eu\/impressum\/#breadcrumb","itemListElement":[{"@type":"ListItem","position":1,"name":"Home","item":"https:\/\/swconsultancy.eu\/de\/"},{"@type":"ListItem","position":2,"name":"Impressum"}]},{"@type":"WebSite","@id":"https:\/\/swconsultancy.eu\/#website","url":"https:\/\/swconsultancy.eu\/","name":"SW Consultancy","description":"","publisher":{"@id":"https:\/\/swconsultancy.eu\/#organization"},"potentialAction":[{"@type":"SearchAction","target":{"@type":"EntryPoint","urlTemplate":"https:\/\/swconsultancy.eu\/?s={search_term_string}"},"query-input":{"@type":"PropertyValueSpecification","valueRequired":true,"valueName":"search_term_string"}}],"inLanguage":"de"},{"@type":"Organization","@id":"https:\/\/swconsultancy.eu\/#organization","name":"SW Consultancy","url":"https:\/\/swconsultancy.eu\/","logo":{"@type":"ImageObject","inLanguage":"de","@id":"https:\/\/swconsultancy.eu\/#\/schema\/logo\/image\/","url":"https:\/\/swconsultancy.eu\/wp-content\/uploads\/2022\/11\/swlogohome.png","contentUrl":"https:\/\/swconsultancy.eu\/wp-content\/uploads\/2022\/11\/swlogohome.png","width":383,"height":375,"caption":"SW Consultancy"},"image":{"@id":"https:\/\/swconsultancy.eu\/#\/schema\/logo\/image\/"}}]}},"_links":{"self":[{"href":"https:\/\/swconsultancy.eu\/de\/wp-json\/wp\/v2\/pages\/2685","targetHints":{"allow":["GET"]}}],"collection":[{"href":"https:\/\/swconsultancy.eu\/de\/wp-json\/wp\/v2\/pages"}],"about":[{"href":"https:\/\/swconsultancy.eu\/de\/wp-json\/wp\/v2\/types\/page"}],"author":[{"embeddable":true,"href":"https:\/\/swconsultancy.eu\/de\/wp-json\/wp\/v2\/users\/1"}],"replies":[{"embeddable":true,"href":"https:\/\/swconsultancy.eu\/de\/wp-json\/wp\/v2\/comments?post=2685"}],"version-history":[{"count":1,"href":"https:\/\/swconsultancy.eu\/de\/wp-json\/wp\/v2\/pages\/2685\/revisions"}],"predecessor-version":[{"id":2686,"href":"https:\/\/swconsultancy.eu\/de\/wp-json\/wp\/v2\/pages\/2685\/revisions\/2686"}],"wp:attachment":[{"href":"https:\/\/swconsultancy.eu\/de\/wp-json\/wp\/v2\/media?parent=2685"}],"curies":[{"name":"wp","href":"https:\/\/api.w.org\/{rel}","templated":true}]}}