{"id":2690,"date":"2022-11-10T14:06:24","date_gmt":"2022-11-10T14:06:24","guid":{"rendered":"https:\/\/swconsultancy.marketingyouhost.com\/?page_id=2690"},"modified":"2023-06-28T10:25:55","modified_gmt":"2023-06-28T10:25:55","slug":"disclaimer","status":"publish","type":"page","link":"https:\/\/swconsultancy.eu\/de\/disclaimer\/","title":{"rendered":"Disclaimer"},"content":{"rendered":"\n<p><strong><u>Bestimmungen betreffend den Webauftritt der SW Consultancy e.U.&nbsp;<br>Anbote auf Websites<br><br><\/u><\/strong>Urheberrechtliche Hinweise&nbsp;<br>Inhalt und Struktur der von SW Consultancy e.U. betriebenen Websites sind urheberrechtlich gesch\u00fctzt. Die Vervielf\u00e4ltigung von Informationen oder Daten, insbesondere die Verwendung von Texten, Texteilen oder Bildmaterial ist nicht erlaubt und bedarf der vorherigen schriftlichen Zustimmung der SW Consultancy e.U. Hiervon nicht erfasst ist der f\u00fcr den Interessenten zu diesem Zweck bestimmte Ausdruck von Objektdaten, Unterlagen, Checklisten oder sonstigen Merkbl\u00e4ttern in Zusammenhang mit dem Angebot der und der Vermittlungst\u00e4tigkeit von&nbsp;<br>SW Consultancy e.U.&nbsp;<br><br>Verbot der Weitergabe an Dritte&nbsp;<br>Dem Nutzer des Webangebots der SW Consultancy e.U. ist es nicht erlaubt, jegliche Informationen, insbesondere \u00fcber Objekte und Abgeber, die dieser anhand der auf der Website der SW Consultancy ( Miet- und Kaufmarktplatz) eingestellten Daten und\/oder der Versendung von Immobilienexpos\u00e9s erh\u00e4lt, an Dritte weiterzugeben und\/oder zu anderen, insbesondere gewerblichen Zwecken zu verwenden. Die erhaltenen Informationen dienen ausschlie\u00dflich dem pers\u00f6nlichen Interesse an der Vermittlung und sind h\u00f6chst vertraulich zu behandeln.&nbsp;<br><br><br>Beschr\u00e4nkung des Angebots<br>SW Consultancy e.U. beh\u00e4lt sich vor, nach freiem Ermessen eine beschr\u00e4nkte Auswahl an verf\u00fcgbaren Objekten oder Produkten auf ihren Seiten im Internet zu zeigen, insbesondere wenn die Anzahl vorhandener Angebote besonders hoch ist; im Zusammenhang mit einer derartigen Auswahl nach freiem Ermessen \u00fcbernimmt die SW Consultancy e.U. keinerlei Verpflichtungen und keinerlei Haftungen.&nbsp;<\/p>\n\n\n\n<p>Haftung f\u00fcr Links und Websites Dritter<br>Verlinkungen zu Websites anderer Unternehmen sind so gestaltet, dass der Nutzer deutlich erkennen kann, wenn er die Website SW Consultancy e.U. verl\u00e4sst. F\u00fcr den Inhalt fremder Websites, auf die mittels Links verwiesen wird, wie auch f\u00fcr Fehler, die aus mangelhafter Daten\u00fcbertragung resultieren, wird keine Haftung \u00fcbernommen.&nbsp;<\/p>\n","protected":false},"excerpt":{"rendered":"<p>Bestimmungen betreffend den Webauftritt der SW Consultancy e.U.&nbsp;Anbote auf Websites Urheberrechtliche Hinweise&nbsp;Inhalt und Struktur der von SW Consultancy e.U. betriebenen Websites sind urheberrechtlich gesch\u00fctzt. Die Vervielf\u00e4ltigung von Informationen oder Daten, insbesondere die Verwendung von Texten, Texteilen oder Bildmaterial ist nicht erlaubt und bedarf der vorherigen schriftlichen Zustimmung der SW Consultancy e.U. Hiervon nicht erfasst ist [&hellip;]<\/p>\n","protected":false},"author":1,"featured_media":0,"parent":0,"menu_order":0,"comment_status":"closed","ping_status":"closed","template":"","meta":{"footnotes":""},"class_list":["post-2690","page","type-page","status-publish","hentry"],"yoast_head":"<!-- This site is optimized with the Yoast SEO plugin v27.5 - https:\/\/yoast.com\/product\/yoast-seo-wordpress\/ -->\n<title>Disclaimer - SW Consultancy<\/title>\n<meta name=\"robots\" content=\"index, follow, max-snippet:-1, max-image-preview:large, max-video-preview:-1\" \/>\n<link rel=\"canonical\" href=\"https:\/\/swconsultancy.eu\/disclaimer\/\" \/>\n<meta property=\"og:locale\" content=\"de_DE\" \/>\n<meta property=\"og:type\" content=\"article\" \/>\n<meta property=\"og:title\" content=\"Disclaimer - SW Consultancy\" \/>\n<meta property=\"og:description\" content=\"Bestimmungen betreffend den Webauftritt der SW Consultancy e.U.&nbsp;Anbote auf Websites Urheberrechtliche Hinweise&nbsp;Inhalt und Struktur der von SW Consultancy e.U. betriebenen Websites sind urheberrechtlich gesch\u00fctzt. Die Vervielf\u00e4ltigung von Informationen oder Daten, insbesondere die Verwendung von Texten, Texteilen oder Bildmaterial ist nicht erlaubt und bedarf der vorherigen schriftlichen Zustimmung der SW Consultancy e.U. Hiervon nicht erfasst ist [&hellip;]\" \/>\n<meta property=\"og:url\" content=\"https:\/\/swconsultancy.eu\/disclaimer\/\" \/>\n<meta property=\"og:site_name\" content=\"SW Consultancy\" \/>\n<meta property=\"article:modified_time\" content=\"2023-06-28T10:25:55+00:00\" \/>\n<meta name=\"twitter:card\" content=\"summary_large_image\" \/>\n<meta name=\"twitter:label1\" content=\"Gesch\u00e4tzte Lesezeit\" \/>\n\t<meta name=\"twitter:data1\" content=\"2\u00a0Minuten\" \/>\n<script type=\"application\/ld+json\" class=\"yoast-schema-graph\">{\"@context\":\"https:\\\/\\\/schema.org\",\"@graph\":[{\"@type\":\"WebPage\",\"@id\":\"https:\\\/\\\/swconsultancy.eu\\\/disclaimer\\\/\",\"url\":\"https:\\\/\\\/swconsultancy.eu\\\/disclaimer\\\/\",\"name\":\"Disclaimer - SW Consultancy\",\"isPartOf\":{\"@id\":\"https:\\\/\\\/swconsultancy.eu\\\/#website\"},\"datePublished\":\"2022-11-10T14:06:24+00:00\",\"dateModified\":\"2023-06-28T10:25:55+00:00\",\"breadcrumb\":{\"@id\":\"https:\\\/\\\/swconsultancy.eu\\\/disclaimer\\\/#breadcrumb\"},\"inLanguage\":\"de\",\"potentialAction\":[{\"@type\":\"ReadAction\",\"target\":[\"https:\\\/\\\/swconsultancy.eu\\\/disclaimer\\\/\"]}]},{\"@type\":\"BreadcrumbList\",\"@id\":\"https:\\\/\\\/swconsultancy.eu\\\/disclaimer\\\/#breadcrumb\",\"itemListElement\":[{\"@type\":\"ListItem\",\"position\":1,\"name\":\"Home\",\"item\":\"https:\\\/\\\/swconsultancy.eu\\\/de\\\/\"},{\"@type\":\"ListItem\",\"position\":2,\"name\":\"Disclaimer\"}]},{\"@type\":\"WebSite\",\"@id\":\"https:\\\/\\\/swconsultancy.eu\\\/#website\",\"url\":\"https:\\\/\\\/swconsultancy.eu\\\/\",\"name\":\"SW Consultancy\",\"description\":\"\",\"publisher\":{\"@id\":\"https:\\\/\\\/swconsultancy.eu\\\/#organization\"},\"potentialAction\":[{\"@type\":\"SearchAction\",\"target\":{\"@type\":\"EntryPoint\",\"urlTemplate\":\"https:\\\/\\\/swconsultancy.eu\\\/?s={search_term_string}\"},\"query-input\":{\"@type\":\"PropertyValueSpecification\",\"valueRequired\":true,\"valueName\":\"search_term_string\"}}],\"inLanguage\":\"de\"},{\"@type\":\"Organization\",\"@id\":\"https:\\\/\\\/swconsultancy.eu\\\/#organization\",\"name\":\"SW Consultancy\",\"url\":\"https:\\\/\\\/swconsultancy.eu\\\/\",\"logo\":{\"@type\":\"ImageObject\",\"inLanguage\":\"de\",\"@id\":\"https:\\\/\\\/swconsultancy.eu\\\/#\\\/schema\\\/logo\\\/image\\\/\",\"url\":\"https:\\\/\\\/swconsultancy.eu\\\/wp-content\\\/uploads\\\/2022\\\/11\\\/swlogohome.png\",\"contentUrl\":\"https:\\\/\\\/swconsultancy.eu\\\/wp-content\\\/uploads\\\/2022\\\/11\\\/swlogohome.png\",\"width\":383,\"height\":375,\"caption\":\"SW Consultancy\"},\"image\":{\"@id\":\"https:\\\/\\\/swconsultancy.eu\\\/#\\\/schema\\\/logo\\\/image\\\/\"}}]}<\/script>\n<!-- \/ Yoast SEO plugin. -->","yoast_head_json":{"title":"Disclaimer - SW Consultancy","robots":{"index":"index","follow":"follow","max-snippet":"max-snippet:-1","max-image-preview":"max-image-preview:large","max-video-preview":"max-video-preview:-1"},"canonical":"https:\/\/swconsultancy.eu\/disclaimer\/","og_locale":"de_DE","og_type":"article","og_title":"Disclaimer - SW Consultancy","og_description":"Bestimmungen betreffend den Webauftritt der SW Consultancy e.U.&nbsp;Anbote auf Websites Urheberrechtliche Hinweise&nbsp;Inhalt und Struktur der von SW Consultancy e.U. betriebenen Websites sind urheberrechtlich gesch\u00fctzt. Die Vervielf\u00e4ltigung von Informationen oder Daten, insbesondere die Verwendung von Texten, Texteilen oder Bildmaterial ist nicht erlaubt und bedarf der vorherigen schriftlichen Zustimmung der SW Consultancy e.U. Hiervon nicht erfasst ist [&hellip;]","og_url":"https:\/\/swconsultancy.eu\/disclaimer\/","og_site_name":"SW Consultancy","article_modified_time":"2023-06-28T10:25:55+00:00","twitter_card":"summary_large_image","twitter_misc":{"Gesch\u00e4tzte Lesezeit":"2\u00a0Minuten"},"schema":{"@context":"https:\/\/schema.org","@graph":[{"@type":"WebPage","@id":"https:\/\/swconsultancy.eu\/disclaimer\/","url":"https:\/\/swconsultancy.eu\/disclaimer\/","name":"Disclaimer - SW Consultancy","isPartOf":{"@id":"https:\/\/swconsultancy.eu\/#website"},"datePublished":"2022-11-10T14:06:24+00:00","dateModified":"2023-06-28T10:25:55+00:00","breadcrumb":{"@id":"https:\/\/swconsultancy.eu\/disclaimer\/#breadcrumb"},"inLanguage":"de","potentialAction":[{"@type":"ReadAction","target":["https:\/\/swconsultancy.eu\/disclaimer\/"]}]},{"@type":"BreadcrumbList","@id":"https:\/\/swconsultancy.eu\/disclaimer\/#breadcrumb","itemListElement":[{"@type":"ListItem","position":1,"name":"Home","item":"https:\/\/swconsultancy.eu\/de\/"},{"@type":"ListItem","position":2,"name":"Disclaimer"}]},{"@type":"WebSite","@id":"https:\/\/swconsultancy.eu\/#website","url":"https:\/\/swconsultancy.eu\/","name":"SW Consultancy","description":"","publisher":{"@id":"https:\/\/swconsultancy.eu\/#organization"},"potentialAction":[{"@type":"SearchAction","target":{"@type":"EntryPoint","urlTemplate":"https:\/\/swconsultancy.eu\/?s={search_term_string}"},"query-input":{"@type":"PropertyValueSpecification","valueRequired":true,"valueName":"search_term_string"}}],"inLanguage":"de"},{"@type":"Organization","@id":"https:\/\/swconsultancy.eu\/#organization","name":"SW Consultancy","url":"https:\/\/swconsultancy.eu\/","logo":{"@type":"ImageObject","inLanguage":"de","@id":"https:\/\/swconsultancy.eu\/#\/schema\/logo\/image\/","url":"https:\/\/swconsultancy.eu\/wp-content\/uploads\/2022\/11\/swlogohome.png","contentUrl":"https:\/\/swconsultancy.eu\/wp-content\/uploads\/2022\/11\/swlogohome.png","width":383,"height":375,"caption":"SW Consultancy"},"image":{"@id":"https:\/\/swconsultancy.eu\/#\/schema\/logo\/image\/"}}]}},"_links":{"self":[{"href":"https:\/\/swconsultancy.eu\/de\/wp-json\/wp\/v2\/pages\/2690","targetHints":{"allow":["GET"]}}],"collection":[{"href":"https:\/\/swconsultancy.eu\/de\/wp-json\/wp\/v2\/pages"}],"about":[{"href":"https:\/\/swconsultancy.eu\/de\/wp-json\/wp\/v2\/types\/page"}],"author":[{"embeddable":true,"href":"https:\/\/swconsultancy.eu\/de\/wp-json\/wp\/v2\/users\/1"}],"replies":[{"embeddable":true,"href":"https:\/\/swconsultancy.eu\/de\/wp-json\/wp\/v2\/comments?post=2690"}],"version-history":[{"count":2,"href":"https:\/\/swconsultancy.eu\/de\/wp-json\/wp\/v2\/pages\/2690\/revisions"}],"predecessor-version":[{"id":2936,"href":"https:\/\/swconsultancy.eu\/de\/wp-json\/wp\/v2\/pages\/2690\/revisions\/2936"}],"wp:attachment":[{"href":"https:\/\/swconsultancy.eu\/de\/wp-json\/wp\/v2\/media?parent=2690"}],"curies":[{"name":"wp","href":"https:\/\/api.w.org\/{rel}","templated":true}]}}